{"id":43,"date":"2024-01-20T13:15:10","date_gmt":"2024-01-20T13:15:10","guid":{"rendered":"https:\/\/carlstrauss.ch\/?page_id=43"},"modified":"2024-02-01T14:34:55","modified_gmt":"2024-02-01T14:34:55","slug":"downloads","status":"publish","type":"page","link":"https:\/\/carlstrauss.ch\/index.php\/downloads\/","title":{"rendered":"Carl Strauss Downloads"},"content":{"rendered":"\t\t<div data-elementor-type=\"wp-page\" data-elementor-id=\"43\" class=\"elementor elementor-43\" data-elementor-post-type=\"page\">\n\t\t\t\t<div class=\"elementor-element elementor-element-17929228 e-flex e-con-boxed e-con e-parent\" data-id=\"17929228\" data-element_type=\"container\">\n\t\t\t\t\t<div class=\"e-con-inner\">\n\t\t\t\t<div class=\"elementor-element elementor-element-7f9b17e5 elementor-widget elementor-widget-image\" data-id=\"7f9b17e5\" data-element_type=\"widget\" data-widget_type=\"image.default\">\n\t\t\t\t<div class=\"elementor-widget-container\">\n\t\t\t\t\t\t\t\t\t\t\t\t\t\t\t<img fetchpriority=\"high\" decoding=\"async\" width=\"8474\" height=\"5893\" src=\"https:\/\/carlstrauss.ch\/wp-content\/uploads\/2024\/01\/carl-strauss-3.png\" class=\"attachment-full size-full wp-image-185\" alt=\"\" srcset=\"https:\/\/carlstrauss.ch\/wp-content\/uploads\/2024\/01\/carl-strauss-3.png 8474w, https:\/\/carlstrauss.ch\/wp-content\/uploads\/2024\/01\/carl-strauss-3-300x209.png 300w, https:\/\/carlstrauss.ch\/wp-content\/uploads\/2024\/01\/carl-strauss-3-1024x712.png 1024w, https:\/\/carlstrauss.ch\/wp-content\/uploads\/2024\/01\/carl-strauss-3-768x534.png 768w, https:\/\/carlstrauss.ch\/wp-content\/uploads\/2024\/01\/carl-strauss-3-1536x1068.png 1536w, https:\/\/carlstrauss.ch\/wp-content\/uploads\/2024\/01\/carl-strauss-3-2048x1424.png 2048w\" sizes=\"(max-width: 8474px) 100vw, 8474px\" \/>\t\t\t\t\t\t\t\t\t\t\t\t\t\t\t<\/div>\n\t\t\t\t<\/div>\n\t\t\t\t<div class=\"elementor-element elementor-element-1ed14f97 elementor-hidden-tablet elementor-hidden-mobile elementor-widget elementor-widget-spacer\" data-id=\"1ed14f97\" data-element_type=\"widget\" data-widget_type=\"spacer.default\">\n\t\t\t\t<div class=\"elementor-widget-container\">\n\t\t\t\t\t\t\t<div class=\"elementor-spacer\">\n\t\t\t<div class=\"elementor-spacer-inner\"><\/div>\n\t\t<\/div>\n\t\t\t\t\t\t<\/div>\n\t\t\t\t<\/div>\n\t\t\t\t\t<\/div>\n\t\t\t\t<\/div>\n\t\t<div class=\"elementor-element elementor-element-78ac9488 elementor-hidden-tablet elementor-hidden-mobile e-flex e-con-boxed e-con e-parent\" data-id=\"78ac9488\" data-element_type=\"container\">\n\t\t\t\t\t<div class=\"e-con-inner\">\n\t\t\t\t<div class=\"elementor-element elementor-element-6a03c5e elementor-widget elementor-widget-text-editor\" data-id=\"6a03c5e\" data-element_type=\"widget\" data-widget_type=\"text-editor.default\">\n\t\t\t\t<div class=\"elementor-widget-container\">\n\t\t\t\t\t\t\t\t\t<p style=\"text-align: left;\">Downloads<\/p>\t\t\t\t\t\t\t\t<\/div>\n\t\t\t\t<\/div>\n\t\t\t\t\t<\/div>\n\t\t\t\t<\/div>\n\t\t<div class=\"elementor-element elementor-element-39dce55a elementor-hidden-tablet elementor-hidden-mobile e-flex e-con-boxed e-con e-parent\" data-id=\"39dce55a\" data-element_type=\"container\">\n\t\t\t\t\t<div class=\"e-con-inner\">\n\t\t<div class=\"elementor-element elementor-element-433ab64b e-con-full e-flex e-con e-child\" data-id=\"433ab64b\" data-element_type=\"container\">\n\t\t\t\t<div class=\"elementor-element elementor-element-c7ce05c elementor-widget elementor-widget-text-editor\" data-id=\"c7ce05c\" data-element_type=\"widget\" data-widget_type=\"text-editor.default\">\n\t\t\t\t<div class=\"elementor-widget-container\">\n\t\t\t\t\t\t\t\t\t<p>Magazin of art<br \/><a href=\"https:\/\/carlstrauss.ch\/wp-content\/uploads\/2024\/01\/CS_Magazin-of-art-11.1928.pdf\">*National Museum Shows Strauss*<\/a><br \/>\u00a0Etchings<br \/>1928<\/p><p>B\u00fcnder Zeitung<br \/><a href=\"https:\/\/carlstrauss.ch\/wp-content\/uploads\/2024\/01\/CS_Buendner-Zeitung-19.5.1933.pdf\" target=\"_blank\" rel=\"noopener\">*B\u00fcndner Kunstverein*<\/a><br \/>19.5.1933<\/p><p>Der Freie R\u00e4tier<br \/><a href=\"https:\/\/carlstrauss.ch\/wp-content\/uploads\/2024\/01\/CS_Freie-Raetier-15.10.1957.pdf\" target=\"_blank\" rel=\"noopener\">*Kunstmaler und Radierer Carl Strauss zum Gedenken*<\/a><br \/>15.10.1957<\/p><p>Publikation <br \/><a href=\"https:\/\/carlstrauss.ch\/wp-content\/uploads\/2024\/01\/Publikation-Carl-Strauss-Buendner-Kunsthaus-1967.pdf\" target=\"_blank\" rel=\"noopener\">*Nachlass Carl Strauss 1873-1957*<\/a><br \/>Herausgeber: B\u00fcndner Kunstmuseum, 1974<\/p><p>B\u00fcnder Zeitung<br \/><a href=\"https:\/\/carlstrauss.ch\/wp-content\/uploads\/2024\/01\/CS_Buendner-Zeitung-5.4.1974.pdf\">*Nachlass C. Strauss und GSMBA*<\/a><br \/>5.4.1974<\/p><p>B\u00fcnder Zeitung<br \/><a href=\"https:\/\/carlstrauss.ch\/wp-content\/uploads\/2024\/01\/CS_Buendner-Zeitung-9.4.1974.pdf\">*Anregende und witzige Vernissage*<\/a><br \/>6.4.1974<\/p><p>B\u00fcndern Zeitung <br \/><a href=\"https:\/\/carlstrauss.ch\/wp-content\/uploads\/2024\/01\/CS_Freie-Raetier-6.4.1974.pdf\">*Nachlass Carl Strauss*<\/a><br \/>9.4.1974<\/p><p>Neue Z\u00fcrcher Zeitung <br \/><a href=\"https:\/\/carlstrauss.ch\/wp-content\/uploads\/2024\/01\/CS_NZZ-29.4.1974.pdf\" target=\"_blank\" rel=\"noopener\">*Fast ein Original*<\/a><br \/>29.4.1974<\/p><p>Zeitungsausschnitt<br \/><a href=\"https:\/\/carlstrauss.ch\/wp-content\/uploads\/2024\/01\/CS_Buendner-Jahrbuch-1975.pdf\">*B\u00fcndner Jahrbuch S. 154\/55*<\/a><br \/>1975<\/p><p>B\u00fcndner Tagblatt<br \/><a href=\"https:\/\/carlstrauss.ch\/wp-content\/uploads\/2024\/01\/CS_Buendner-Tagblatt-22.9.2023.pdf\">*Der Strauss und sein Nest*<\/a><br \/>22.9.2023<\/p><p>Cularta Laax<br \/><a href=\"https:\/\/carlstrauss.ch\/wp-content\/uploads\/2024\/01\/RZ_CULARTA_Tafeln_Strauss_Pfad_Druck.pdf\">*Bildtafeln und Texte*<\/a><br \/>9.2023<\/p><p>La Quotidiana<br \/><a href=\"https:\/\/carlstrauss.ch\/wp-content\/uploads\/2024\/02\/LQ-25.9.2023_CS.pdf\">*G&#8217;artist emblidau*<\/a><br \/>25.09.2023<\/p><p>La Quotidiana<br \/><a href=\"https:\/\/carlstrauss.ch\/wp-content\/uploads\/2024\/02\/LQ-29.11.2023_CS.pdf\">*dil copist e gravader*<\/a><br \/>29.11.2023<\/p><p>La Quotidiana<br \/><a href=\"https:\/\/carlstrauss.ch\/wp-content\/uploads\/2024\/02\/LQ-25.1.2024_CS.pdf\">*Ella stamparia da crap*<\/a><br \/>25.01.2024<\/p><p>Ruinaulta<br \/><a href=\"https:\/\/carlstrauss.ch\/wp-content\/uploads\/2024\/02\/Ruinaulta-26.1.2024_CS.pdf\">#Eine pers\u00f6nliche Hommage in der Cularta*<\/a><br \/>26.01.2024<\/p><p>S\u00fcdostschweiz<br \/><a href=\"https:\/\/carlstrauss.ch\/wp-content\/uploads\/2024\/02\/SO-29.1.2024_CS.pdf\">*War sie bester Laune, holte sie die Aktzeichnungen*<\/a><br \/>29.01.2024<\/p><p>La Quotidiana<br \/><a href=\"https:\/\/carlstrauss.ch\/wp-content\/uploads\/2024\/02\/LQ-31.1.2024_CS.pdf\">*Strauss fageva strehs, Stoffel fa lingias*<\/a><br \/>31.01.2024<\/p>\t\t\t\t\t\t\t\t<\/div>\n\t\t\t\t<\/div>\n\t\t\t\t<\/div>\n\t\t\t\t\t<\/div>\n\t\t\t\t<\/div>\n\t\t<div class=\"elementor-element elementor-element-14dc98d elementor-hidden-desktop e-flex e-con-boxed e-con e-parent\" data-id=\"14dc98d\" data-element_type=\"container\">\n\t\t\t\t\t<div class=\"e-con-inner\">\n\t\t\t\t<div class=\"elementor-element elementor-element-6d0a3d4 elementor-widget elementor-widget-text-editor\" data-id=\"6d0a3d4\" data-element_type=\"widget\" data-widget_type=\"text-editor.default\">\n\t\t\t\t<div class=\"elementor-widget-container\">\n\t\t\t\t\t\t\t\t\t<p style=\"text-align: left;\">Downloads<\/p>\t\t\t\t\t\t\t\t<\/div>\n\t\t\t\t<\/div>\n\t\t\t\t\t<\/div>\n\t\t\t\t<\/div>\n\t\t<div class=\"elementor-element elementor-element-1a5f56e elementor-hidden-desktop e-flex e-con-boxed e-con e-parent\" data-id=\"1a5f56e\" data-element_type=\"container\">\n\t\t\t\t\t<div class=\"e-con-inner\">\n\t\t<div class=\"elementor-element elementor-element-9012291 e-con-full e-flex e-con e-child\" data-id=\"9012291\" data-element_type=\"container\">\n\t\t\t\t<div class=\"elementor-element elementor-element-8e8c2e0 elementor-widget elementor-widget-text-editor\" data-id=\"8e8c2e0\" data-element_type=\"widget\" data-widget_type=\"text-editor.default\">\n\t\t\t\t<div class=\"elementor-widget-container\">\n\t\t\t\t\t\t\t\t\t<p>Magazin of art<br \/><a href=\"https:\/\/carlstrauss.ch\/wp-content\/uploads\/2024\/01\/CS_Magazin-of-art-11.1928.pdf\">*National Museum Shows Strauss*<\/a><br \/>\u00a0Etchings<br \/>1928<\/p><p>B\u00fcnder Zeitung<br \/><a href=\"https:\/\/carlstrauss.ch\/wp-content\/uploads\/2024\/01\/CS_Buendner-Zeitung-19.5.1933.pdf\" target=\"_blank\" rel=\"noopener\">*B\u00fcndner Kunstverein*<\/a><br \/>19.5.1933<\/p><p>Der Freie R\u00e4tier<br \/><a href=\"https:\/\/carlstrauss.ch\/wp-content\/uploads\/2024\/01\/CS_Freie-Raetier-15.10.1957.pdf\" target=\"_blank\" rel=\"noopener\">*Kunstmaler und Radierer Carl Strauss zum Gedenken*<\/a><br \/>15.10.1957<\/p><p>Publikation <br \/><a href=\"https:\/\/carlstrauss.ch\/wp-content\/uploads\/2024\/01\/Publikation-Carl-Strauss-Buendner-Kunsthaus-1967.pdf\" target=\"_blank\" rel=\"noopener\">*Nachlass Carl Strauss 1873-1957*<\/a><br \/>Herausgeber: B\u00fcndner Kunstmuseum, 1974<\/p><p>B\u00fcnder Zeitung<br \/><a href=\"https:\/\/carlstrauss.ch\/wp-content\/uploads\/2024\/01\/CS_Buendner-Zeitung-5.4.1974.pdf\">*Nachlass C. Strauss und GSMBA*<\/a><br \/>5.4.1974<\/p><p>B\u00fcnder Zeitung<br \/><a href=\"https:\/\/carlstrauss.ch\/wp-content\/uploads\/2024\/01\/CS_Buendner-Zeitung-9.4.1974.pdf\">*Anregende und witzige Vernissage*<\/a><br \/>6.4.1974<\/p><p>B\u00fcndern Zeitung <br \/><a href=\"https:\/\/carlstrauss.ch\/wp-content\/uploads\/2024\/01\/CS_Freie-Raetier-6.4.1974.pdf\">*Nachlass Carl Strauss*<\/a><br \/>9.4.1974<\/p><p>Neue Z\u00fcrcher Zeitung <br \/><a href=\"https:\/\/carlstrauss.ch\/wp-content\/uploads\/2024\/01\/CS_NZZ-29.4.1974.pdf\" target=\"_blank\" rel=\"noopener\">*Fast ein Original*<\/a><br \/>29.4.1974<\/p><p>Zeitungsausschnitt<br \/><a href=\"https:\/\/carlstrauss.ch\/wp-content\/uploads\/2024\/01\/CS_Buendner-Jahrbuch-1975.pdf\">*B\u00fcndner Jahrbuch S. 154\/55*<\/a><br \/>1975<\/p><p>B\u00fcndner Tagblatt<br \/><a href=\"https:\/\/carlstrauss.ch\/wp-content\/uploads\/2024\/01\/CS_Buendner-Tagblatt-22.9.2023.pdf\">*Der Strauss und sein Nest*<\/a><br \/>22.9.2023<\/p><p>Cularta Laax<br \/><a href=\"https:\/\/carlstrauss.ch\/wp-content\/uploads\/2024\/01\/RZ_CULARTA_Tafeln_Strauss_Pfad_Druck.pdf\">*Bildtafeln und Texte*<\/a><br \/>9.2023<\/p><p>La Quotidiana<br \/><a href=\"https:\/\/carlstrauss.ch\/wp-content\/uploads\/2024\/02\/LQ-25.9.2023_CS.pdf\">*G&#8217;artist emblidau*<\/a><br \/>25.09.2023<\/p><p>La Quotidiana<br \/><a href=\"https:\/\/carlstrauss.ch\/wp-content\/uploads\/2024\/02\/LQ-29.11.2023_CS.pdf\">*dil copist e gravader*<\/a><br \/>29.11.2023<\/p><p>La Quotidiana<br \/><a href=\"https:\/\/carlstrauss.ch\/wp-content\/uploads\/2024\/02\/LQ-25.1.2024_CS.pdf\">*Ella stamparia da crap*<\/a><br \/>25.01.2024<\/p><p>Ruinaulta<br \/><a href=\"https:\/\/carlstrauss.ch\/wp-content\/uploads\/2024\/02\/Ruinaulta-26.1.2024_CS.pdf\">#Eine pers\u00f6nliche Hommage in der Cularta*<\/a><br \/>26.01.2024<\/p><p>S\u00fcdostschweiz<br \/><a href=\"https:\/\/carlstrauss.ch\/wp-content\/uploads\/2024\/02\/SO-29.1.2024_CS.pdf\">*War sie bester Laune, holte sie die Aktzeichnungen*<\/a><br \/>29.01.2024<\/p><p>La Quotidiana<br \/><a href=\"https:\/\/carlstrauss.ch\/wp-content\/uploads\/2024\/02\/LQ-31.1.2024_CS.pdf\">*Strauss fageva strehs, Stoffel fa lingias*<\/a><br \/>31.01.2024<\/p>\t\t\t\t\t\t\t\t<\/div>\n\t\t\t\t<\/div>\n\t\t\t\t<\/div>\n\t\t\t\t\t<\/div>\n\t\t\t\t<\/div>\n\t\t\t\t<\/div>\n\t\t","protected":false},"excerpt":{"rendered":"<p>Downloads Magazin of art*National Museum Shows Strauss*\u00a0Etchings1928 B\u00fcnder Zeitung*B\u00fcndner Kunstverein*19.5.1933 Der Freie R\u00e4tier*Kunstmaler und Radierer Carl Strauss zum Gedenken*15.10.1957 Publikation *Nachlass Carl Strauss 1873-1957*Herausgeber: B\u00fcndner Kunstmuseum, 1974 B\u00fcnder Zeitung*Nachlass C. Strauss und GSMBA*5.4.1974 B\u00fcnder Zeitung*Anregende und witzige Vernissage*6.4.1974 B\u00fcndern Zeitung *Nachlass Carl Strauss*9.4.1974 Neue Z\u00fcrcher Zeitung *Fast ein Original*29.4.1974 Zeitungsausschnitt*B\u00fcndner Jahrbuch S. 154\/55*1975 B\u00fcndner Tagblatt*Der [&hellip;]<\/p>\n","protected":false},"author":1,"featured_media":0,"parent":0,"menu_order":0,"comment_status":"closed","ping_status":"closed","template":"","meta":{"footnotes":""},"class_list":["post-43","page","type-page","status-publish","hentry"],"_links":{"self":[{"href":"https:\/\/carlstrauss.ch\/index.php\/wp-json\/wp\/v2\/pages\/43","targetHints":{"allow":["GET"]}}],"collection":[{"href":"https:\/\/carlstrauss.ch\/index.php\/wp-json\/wp\/v2\/pages"}],"about":[{"href":"https:\/\/carlstrauss.ch\/index.php\/wp-json\/wp\/v2\/types\/page"}],"author":[{"embeddable":true,"href":"https:\/\/carlstrauss.ch\/index.php\/wp-json\/wp\/v2\/users\/1"}],"replies":[{"embeddable":true,"href":"https:\/\/carlstrauss.ch\/index.php\/wp-json\/wp\/v2\/comments?post=43"}],"version-history":[{"count":32,"href":"https:\/\/carlstrauss.ch\/index.php\/wp-json\/wp\/v2\/pages\/43\/revisions"}],"predecessor-version":[{"id":408,"href":"https:\/\/carlstrauss.ch\/index.php\/wp-json\/wp\/v2\/pages\/43\/revisions\/408"}],"wp:attachment":[{"href":"https:\/\/carlstrauss.ch\/index.php\/wp-json\/wp\/v2\/media?parent=43"}],"curies":[{"name":"wp","href":"https:\/\/api.w.org\/{rel}","templated":true}]}}